{"id":15858,"date":"2024-10-25T11:09:01","date_gmt":"2024-10-25T09:09:01","guid":{"rendered":"https:\/\/backup.heartbased.center\/consulenza-psicologica\/"},"modified":"2025-11-07T13:41:00","modified_gmt":"2025-11-07T12:41:00","slug":"consulenza-psicologica","status":"publish","type":"page","link":"https:\/\/backup.heartbased.center\/it\/consulenza-psicologica\/","title":{"rendered":"Consulenza Psicologica"},"content":{"rendered":"\t\t<div data-elementor-type=\"wp-page\" data-elementor-id=\"15858\" class=\"elementor elementor-15858 elementor-15470\" data-elementor-post-type=\"page\">\n\t\t\t\t<div class=\"elementor-element elementor-element-3581e8f hero-section e-flex e-con-boxed e-con e-parent\" data-id=\"3581e8f\" data-element_type=\"container\" data-settings=\"{&quot;background_background&quot;:&quot;gradient&quot;}\">\n\t\t\t\t\t<div class=\"e-con-inner\">\n\t\t\t\t<div class=\"elementor-element elementor-element-f98288a elementor-widget__width-initial elementor-widget elementor-widget-heading\" data-id=\"f98288a\" data-element_type=\"widget\" data-widget_type=\"heading.default\">\n\t\t\t\t<div class=\"elementor-widget-container\">\n\t\t\t\t\t<h2 class=\"elementor-heading-title elementor-size-default\">Cercare supporto pu\u00f2 essere un potente passo verso la propria crescita personale.<\/h2>\t\t\t\t<\/div>\n\t\t\t\t<\/div>\n\t\t\t\t<div class=\"elementor-element elementor-element-76c6042 elementor-widget elementor-widget-heading\" data-id=\"76c6042\" data-element_type=\"widget\" data-widget_type=\"heading.default\">\n\t\t\t\t<div class=\"elementor-widget-container\">\n\t\t\t\t\t<h1 class=\"elementor-heading-title elementor-size-default\">La Consulenza Psicologica <br> all\u2019Heart-Based con Ilaria<\/h1>\t\t\t\t<\/div>\n\t\t\t\t<\/div>\n\t\t<div class=\"elementor-element elementor-element-1c3d8f2 noprint e-con-full e-flex e-con e-child\" data-id=\"1c3d8f2\" data-element_type=\"container\">\n\t\t\t\t<div class=\"elementor-element elementor-element-c916074 elementor-align-center elementor-widget elementor-widget-button\" data-id=\"c916074\" data-element_type=\"widget\" data-widget_type=\"button.default\">\n\t\t\t\t<div class=\"elementor-widget-container\">\n\t\t\t\t\t\t\t\t\t<div class=\"elementor-button-wrapper\">\n\t\t\t\t\t<a class=\"elementor-button elementor-button-link elementor-size-sm elementor-animation-grow\" href=\"https:\/\/backup.heartbased.center\/it\/consulenza-psicologica\/#il-tuo-psicologo\">\n\t\t\t\t\t\t<span class=\"elementor-button-content-wrapper\">\n\t\t\t\t\t\t\t\t\t<span class=\"elementor-button-text\">Il Tuo Psicologo<\/span>\n\t\t\t\t\t<\/span>\n\t\t\t\t\t<\/a>\n\t\t\t\t<\/div>\n\t\t\t\t\t\t\t\t<\/div>\n\t\t\t\t<\/div>\n\t\t\t\t<div class=\"elementor-element elementor-element-8690eea elementor-align-center elementor-widget elementor-widget-button\" data-id=\"8690eea\" data-element_type=\"widget\" data-widget_type=\"button.default\">\n\t\t\t\t<div class=\"elementor-widget-container\">\n\t\t\t\t\t\t\t\t\t<div class=\"elementor-button-wrapper\">\n\t\t\t\t\t<a class=\"elementor-button elementor-button-link elementor-size-sm elementor-animation-grow\" href=\"https:\/\/backup.heartbased.center\/it\/consulenza-psicologica\/#heart-based-center\">\n\t\t\t\t\t\t<span class=\"elementor-button-content-wrapper\">\n\t\t\t\t\t\t\t\t\t<span class=\"elementor-button-text\">Heart-Based Center<\/span>\n\t\t\t\t\t<\/span>\n\t\t\t\t\t<\/a>\n\t\t\t\t<\/div>\n\t\t\t\t\t\t\t\t<\/div>\n\t\t\t\t<\/div>\n\t\t\t\t<div class=\"elementor-element elementor-element-4106e61 elementor-align-center elementor-widget elementor-widget-button\" data-id=\"4106e61\" data-element_type=\"widget\" data-widget_type=\"button.default\">\n\t\t\t\t<div class=\"elementor-widget-container\">\n\t\t\t\t\t\t\t\t\t<div class=\"elementor-button-wrapper\">\n\t\t\t\t\t<a class=\"elementor-button elementor-button-link elementor-size-sm elementor-animation-grow\" href=\"https:\/\/backup.heartbased.center\/it\/consulenza-psicologica\/#contatti\">\n\t\t\t\t\t\t<span class=\"elementor-button-content-wrapper\">\n\t\t\t\t\t\t\t\t\t<span class=\"elementor-button-text\">Contatti<\/span>\n\t\t\t\t\t<\/span>\n\t\t\t\t\t<\/a>\n\t\t\t\t<\/div>\n\t\t\t\t\t\t\t\t<\/div>\n\t\t\t\t<\/div>\n\t\t\t\t<\/div>\n\t\t\t\t<div class=\"elementor-element elementor-element-3a8a676 elementor-align-center elementor-widget elementor-widget-button\" data-id=\"3a8a676\" data-element_type=\"widget\" data-widget_type=\"button.default\">\n\t\t\t\t<div class=\"elementor-widget-container\">\n\t\t\t\t\t\t\t\t\t<div class=\"elementor-button-wrapper\">\n\t\t\t\t\t<a class=\"elementor-button elementor-button-link elementor-size-sm elementor-animation-grow\" href=\"https:\/\/backup.heartbased.center\/en\/psychological-consulting\/\">\n\t\t\t\t\t\t<span class=\"elementor-button-content-wrapper\">\n\t\t\t\t\t\t\t\t\t<span class=\"elementor-button-text\"> Consulenza Psicologica (English)<\/span>\n\t\t\t\t\t<\/span>\n\t\t\t\t\t<\/a>\n\t\t\t\t<\/div>\n\t\t\t\t\t\t\t\t<\/div>\n\t\t\t\t<\/div>\n\t\t\t\t\t<\/div>\n\t\t\t\t<\/div>\n\t\t<div class=\"elementor-element elementor-element-1d7f95d e-flex e-con-boxed e-con e-parent\" data-id=\"1d7f95d\" data-element_type=\"container\" data-settings=\"{&quot;background_background&quot;:&quot;classic&quot;}\">\n\t\t\t\t\t<div class=\"e-con-inner\">\n\t\t<div class=\"elementor-element elementor-element-b6896a4 e-flex e-con-boxed e-con e-child\" data-id=\"b6896a4\" data-element_type=\"container\">\n\t\t\t\t\t<div class=\"e-con-inner\">\n\t\t<div class=\"elementor-element elementor-element-3100213 e-con-full e-flex e-con e-child\" data-id=\"3100213\" data-element_type=\"container\">\n\t\t\t\t<div class=\"elementor-element elementor-element-8defbc1 elementor-widget elementor-widget-text-editor\" data-id=\"8defbc1\" data-element_type=\"widget\" data-widget_type=\"text-editor.default\">\n\t\t\t\t<div class=\"elementor-widget-container\">\n\t\t\t\t\t\t\t\t\t<p>Durante la consulenza psicologica, lavoreremo insieme per valutare il tuo benessere, le tue emozioni e le sfide che stai affrontando. Lavoro con adulti, famiglie e bambini, creando un ambiente di supporto per discutere delle proprie esperienze. Insieme, identificheremo i bisogni e gli obiettivi, sviluppando strategie per migliorare il tuo benessere e creare un piano di supporto continuativo, assicurandoti di sentirti sostenuto nel tuo percorso.  <\/p>\n\t\t\t\t\t\t\t\t<\/div>\n\t\t\t\t<\/div>\n\t\t\t\t<\/div>\n\t\t\t\t\t<\/div>\n\t\t\t\t<\/div>\n\t\t\t\t\t<\/div>\n\t\t\t\t<\/div>\n\t\t<div class=\"elementor-element elementor-element-f64d01c e-flex e-con-boxed e-con e-parent\" data-id=\"f64d01c\" data-element_type=\"container\" data-settings=\"{&quot;background_background&quot;:&quot;gradient&quot;}\">\n\t\t\t\t\t<div class=\"e-con-inner\">\n\t\t<div class=\"elementor-element elementor-element-1c0668e e-con-full e-flex e-con e-child\" data-id=\"1c0668e\" data-element_type=\"container\">\n\t\t\t\t<div class=\"elementor-element elementor-element-d5abf87 elementor-widget elementor-widget-heading\" data-id=\"d5abf87\" data-element_type=\"widget\" data-widget_type=\"heading.default\">\n\t\t\t\t<div class=\"elementor-widget-container\">\n\t\t\t\t\t<h2 class=\"elementor-heading-title elementor-size-default\">Cosa puoi ottenere:<\/h2>\t\t\t\t<\/div>\n\t\t\t\t<\/div>\n\t\t\t\t<div class=\"elementor-element elementor-element-beacf40 elementor-widget elementor-widget-text-editor\" data-id=\"beacf40\" data-element_type=\"widget\" data-widget_type=\"text-editor.default\">\n\t\t\t\t<div class=\"elementor-widget-container\">\n\t\t\t\t\t\t\t\t\t<p>Con una consulenza psicologica, possiamo raggiungere diversi obiettivi:<\/p>\n<ol>\n<li><strong>Comprensione<\/strong>: Acquisire chiarezza sui tuoi pensieri, sentimenti e comportamenti.<\/li>\n<li><strong>Supporto<\/strong>: Ricevere supporto emotivo durante momenti difficili.<\/li>\n<li><strong>Intuizione<\/strong>: Identificare schemi o problemi sottostanti che influenzano la tua salute mentale.<\/li>\n<li><strong>Strategie di Coping<\/strong>: Imparare tecniche efficaci per gestire lo stress, l&#8217;ansia o altre preoccupazioni.<\/li>\n<li><strong>Obiettivi<\/strong>: Stabilire obiettivi personali per la crescita e il miglioramento.<\/li>\n<li><strong>Piano d&#8217;Azione<\/strong>: Sviluppare un piano per ulteriori trattamenti o interventi, se necessario.<\/li>\n<li><strong>Empowerment<\/strong>: Aumentare la tua capacit\u00e0 di affrontare le sfide e apportare cambiamenti positivi nella tua vita..<\/li>\n<\/ol>\n<p>L&#8217;obiettivo della consulenza \u00e8 favorire una comprensione pi\u00f9 profonda di te stesso e del tuo benessere.<\/p>\n\t\t\t\t\t\t\t\t<\/div>\n\t\t\t\t<\/div>\n\t\t\t\t<\/div>\n\t\t\t\t<div class=\"elementor-element elementor-element-7f26d96 elementor-widget elementor-widget-image\" data-id=\"7f26d96\" data-element_type=\"widget\" data-widget_type=\"image.default\">\n\t\t\t\t<div class=\"elementor-widget-container\">\n\t\t\t\t\t\t\t\t\t\t\t\t\t\t\t<img fetchpriority=\"high\" decoding=\"async\" width=\"1024\" height=\"1024\" src=\"https:\/\/backup.heartbased.center\/wp-content\/uploads\/2024\/09\/elena_next-to-service-description_low2-1024x1024.jpg\" class=\"attachment-large size-large wp-image-14678\" alt=\"elena next to service description low2\" srcset=\"https:\/\/backup.heartbased.center\/wp-content\/uploads\/2024\/09\/elena_next-to-service-description_low2-1024x1024.jpg 1024w, https:\/\/backup.heartbased.center\/wp-content\/uploads\/2024\/09\/elena_next-to-service-description_low2-300x300.jpg 300w, https:\/\/backup.heartbased.center\/wp-content\/uploads\/2024\/09\/elena_next-to-service-description_low2-100x100.jpg 100w, https:\/\/backup.heartbased.center\/wp-content\/uploads\/2024\/09\/elena_next-to-service-description_low2-600x600.jpg 600w, https:\/\/backup.heartbased.center\/wp-content\/uploads\/2024\/09\/elena_next-to-service-description_low2-500x500.jpg 500w, https:\/\/backup.heartbased.center\/wp-content\/uploads\/2024\/09\/elena_next-to-service-description_low2-150x150.jpg 150w, https:\/\/backup.heartbased.center\/wp-content\/uploads\/2024\/09\/elena_next-to-service-description_low2-768x768.jpg 768w, https:\/\/backup.heartbased.center\/wp-content\/uploads\/2024\/09\/elena_next-to-service-description_low2-1320x1320.jpg 1320w, https:\/\/backup.heartbased.center\/wp-content\/uploads\/2024\/09\/elena_next-to-service-description_low2.jpg 1335w\" sizes=\"(max-width: 1024px) 100vw, 1024px\" \/>\t\t\t\t\t\t\t\t\t\t\t\t\t\t\t<\/div>\n\t\t\t\t<\/div>\n\t\t\t\t\t<\/div>\n\t\t\t\t<\/div>\n\t\t<div class=\"elementor-element elementor-element-1cc9eb1 e-flex e-con-boxed e-con e-parent\" data-id=\"1cc9eb1\" data-element_type=\"container\">\n\t\t\t\t\t<div class=\"e-con-inner\">\n\t\t\t\t<div class=\"elementor-element elementor-element-e9a4c23 elementor-align-center elementor-widget elementor-widget-button\" data-id=\"e9a4c23\" data-element_type=\"widget\" data-widget_type=\"button.default\">\n\t\t\t\t<div class=\"elementor-widget-container\">\n\t\t\t\t\t\t\t\t\t<div class=\"elementor-button-wrapper\">\n\t\t\t\t\t<a class=\"elementor-button elementor-button-link elementor-size-sm elementor-animation-grow\" href=\"https:\/\/backup.heartbased.center\/it\/consulenza-psicologica\/#contatti\">\n\t\t\t\t\t\t<span class=\"elementor-button-content-wrapper\">\n\t\t\t\t\t\t\t\t\t<span class=\"elementor-button-text\">Contattami<\/span>\n\t\t\t\t\t<\/span>\n\t\t\t\t\t<\/a>\n\t\t\t\t<\/div>\n\t\t\t\t\t\t\t\t<\/div>\n\t\t\t\t<\/div>\n\t\t\t\t\t<\/div>\n\t\t\t\t<\/div>\n\t\t<div class=\"elementor-element elementor-element-c64200d e-flex e-con-boxed e-con e-parent\" data-id=\"c64200d\" data-element_type=\"container\" id=\"il-tuo-psicologo\">\n\t\t\t\t\t<div class=\"e-con-inner\">\n\t\t<div class=\"elementor-element elementor-element-26f2bd0 e-con-full e-flex e-con e-child\" data-id=\"26f2bd0\" data-element_type=\"container\">\n\t\t\t\t<div class=\"elementor-element elementor-element-2007158 elementor-widget elementor-widget-heading\" data-id=\"2007158\" data-element_type=\"widget\" data-widget_type=\"heading.default\">\n\t\t\t\t<div class=\"elementor-widget-container\">\n\t\t\t\t\t<h2 class=\"elementor-heading-title elementor-size-default\">Il Tuo Psicologo: <\/h2>\t\t\t\t<\/div>\n\t\t\t\t<\/div>\n\t\t\t\t<div class=\"elementor-element elementor-element-8127fb0 elementor-widget elementor-widget-text-editor\" data-id=\"8127fb0\" data-element_type=\"widget\" data-settings=\"{&quot;_animation&quot;:&quot;none&quot;}\" data-widget_type=\"text-editor.default\">\n\t\t\t\t<div class=\"elementor-widget-container\">\n\t\t\t\t\t\t\t\t\t<p><strong>Ilaria Di Ciccio<\/strong><\/p>\n\t\t\t\t\t\t\t\t<\/div>\n\t\t\t\t<\/div>\n\t\t\t\t<div class=\"elementor-element elementor-element-a87c461 elementor-widget elementor-widget-text-editor\" data-id=\"a87c461\" data-element_type=\"widget\" data-widget_type=\"text-editor.default\">\n\t\t\t\t<div class=\"elementor-widget-container\">\n\t\t\t\t\t\t\t\t\t<p>Nel mio percorso professionale, ho acquisito un&#8217;ampia esperienza come Psicoterapeuta e Psicologa presso ASST Nord Milano, Unit\u00e0 Operativa di Neuropsichiatria dell\u2019Infanzia e dell\u2019Adolescenza, dove ho lavorato con bambini e adolescenti per un decennio. Ho condotto colloqui psicologici, effettuato valutazioni psicodiagnostiche e sviluppato progetti terapeutici su misura per le esigenze sia dei bambini che dei loro genitori. <\/p>\n<p>Oltre al mio lavoro presso ASST Nord Milano, ho lavorato come Consulente Tecnico d&#8217;Ufficio per il Tribunale di Monza, valutando il benessere dei minori e la capacit\u00e0 genitoriale in casi di separazioni non consensuali. Attualmente, offro consulenze cliniche e psicoterapia, sia in presenza in Svizzera che online, e supporto alla genitorialit\u00e0. <\/p>\n<p>Ho conseguito una Laurea Magistrale in Psicologia presso l&#8217;Universit\u00e0 di Pavia e mi sono specializzata in Psicoterapia a orientamento junghiano presso l&#8217;Istituto Riza di Medicina Psicosomatica di Milano.<\/p>\n<p>Le mie qualifiche sono riconosciute dalla Commissione Federale degli Psicologi Professionisti (PsyCo) sia in Italia che in Svizzera, dove ho ottenuto anche il riconoscimento della specializzazione in Psicoterapia. Inoltre, sono iscritta alla Federazione Svizzera degli Psicologi (FSP) e al Verband der Psychologinnen und Psychologen beider Basel (PPB) \u2013 l&#8217;associazione degli psicologi di Basilea e Basilea Campagna. La mia esperienza e il mio percorso formativo mi consentono di offrire un supporto psicologico completo e personalizzato per le esigenze di ogni paziente.  <\/p>\n\t\t\t\t\t\t\t\t<\/div>\n\t\t\t\t<\/div>\n\t\t\t\t<div class=\"elementor-element elementor-element-b01aef3 elementor-align-left elementor-mobile-align-center elementor-tablet-align-center elementor-widget elementor-widget-button\" data-id=\"b01aef3\" data-element_type=\"widget\" data-settings=\"{&quot;_animation&quot;:&quot;none&quot;}\" data-widget_type=\"button.default\">\n\t\t\t\t<div class=\"elementor-widget-container\">\n\t\t\t\t\t\t\t\t\t<div class=\"elementor-button-wrapper\">\n\t\t\t\t\t<a class=\"elementor-button elementor-button-link elementor-size-sm elementor-animation-grow\" href=\"https:\/\/backup.heartbased.center\/it\/consulenza-psicologica\/#contatti\">\n\t\t\t\t\t\t<span class=\"elementor-button-content-wrapper\">\n\t\t\t\t\t\t<span class=\"elementor-button-icon\">\n\t\t\t\t<i aria-hidden=\"true\" class=\"remixicon ri-mail-send-line\"><\/i>\t\t\t<\/span>\n\t\t\t\t\t\t\t\t\t<span class=\"elementor-button-text\"><b>Contattami<\/b> <\/span>\n\t\t\t\t\t<\/span>\n\t\t\t\t\t<\/a>\n\t\t\t\t<\/div>\n\t\t\t\t\t\t\t\t<\/div>\n\t\t\t\t<\/div>\n\t\t\t\t<\/div>\n\t\t\t\t<div class=\"elementor-element elementor-element-db0a098 elementor-widget elementor-widget-image\" data-id=\"db0a098\" data-element_type=\"widget\" data-widget_type=\"image.default\">\n\t\t\t\t<div class=\"elementor-widget-container\">\n\t\t\t\t\t\t\t\t\t\t\t\t\t\t\t<img decoding=\"async\" width=\"1024\" height=\"1024\" src=\"https:\/\/backup.heartbased.center\/wp-content\/uploads\/2024\/10\/ilaria-di-ciccio-portait-1024x1024.jpg\" class=\"attachment-large size-large wp-image-15859\" alt=\"\" srcset=\"https:\/\/backup.heartbased.center\/wp-content\/uploads\/2024\/10\/ilaria-di-ciccio-portait-1024x1024.jpg 1024w, https:\/\/backup.heartbased.center\/wp-content\/uploads\/2024\/10\/ilaria-di-ciccio-portait-300x300.jpg 300w, https:\/\/backup.heartbased.center\/wp-content\/uploads\/2024\/10\/ilaria-di-ciccio-portait-100x100.jpg 100w, https:\/\/backup.heartbased.center\/wp-content\/uploads\/2024\/10\/ilaria-di-ciccio-portait-600x600.jpg 600w, https:\/\/backup.heartbased.center\/wp-content\/uploads\/2024\/10\/ilaria-di-ciccio-portait-500x500.jpg 500w, https:\/\/backup.heartbased.center\/wp-content\/uploads\/2024\/10\/ilaria-di-ciccio-portait-150x150.jpg 150w, https:\/\/backup.heartbased.center\/wp-content\/uploads\/2024\/10\/ilaria-di-ciccio-portait-768x769.jpg 768w, https:\/\/backup.heartbased.center\/wp-content\/uploads\/2024\/10\/ilaria-di-ciccio-portait.jpg 1306w\" sizes=\"(max-width: 1024px) 100vw, 1024px\" \/>\t\t\t\t\t\t\t\t\t\t\t\t\t\t\t<\/div>\n\t\t\t\t<\/div>\n\t\t\t\t\t<\/div>\n\t\t\t\t<\/div>\n\t\t<div class=\"elementor-element elementor-element-04f4585 e-flex e-con-boxed e-con e-parent\" data-id=\"04f4585\" data-element_type=\"container\" id=\"heart-based-center\" data-settings=\"{&quot;background_background&quot;:&quot;classic&quot;}\">\n\t\t\t\t\t<div class=\"e-con-inner\">\n\t\t<div class=\"elementor-element elementor-element-27b9ef8 e-flex e-con-boxed e-con e-child\" data-id=\"27b9ef8\" data-element_type=\"container\">\n\t\t\t\t\t<div class=\"e-con-inner\">\n\t\t<div class=\"elementor-element elementor-element-b89e3f3 e-con-full e-flex e-con e-child\" data-id=\"b89e3f3\" data-element_type=\"container\">\n\t\t\t\t<div class=\"elementor-element elementor-element-84fbba3 elementor-view-default elementor-widget elementor-widget-icon\" data-id=\"84fbba3\" data-element_type=\"widget\" data-widget_type=\"icon.default\">\n\t\t\t\t<div class=\"elementor-widget-container\">\n\t\t\t\t\t\t\t<div class=\"elementor-icon-wrapper\">\n\t\t\t<div class=\"elementor-icon\">\n\t\t\t<i aria-hidden=\"true\" class=\"remixicon ri-service-line\"><\/i>\t\t\t<\/div>\n\t\t<\/div>\n\t\t\t\t\t\t<\/div>\n\t\t\t\t<\/div>\n\t\t\t\t<div class=\"elementor-element elementor-element-543bd4d elementor-widget__width-initial elementor-widget elementor-widget-heading\" data-id=\"543bd4d\" data-element_type=\"widget\" data-settings=\"{&quot;_animation&quot;:&quot;none&quot;}\" data-widget_type=\"heading.default\">\n\t\t\t\t<div class=\"elementor-widget-container\">\n\t\t\t\t\t<h2 class=\"elementor-heading-title elementor-size-default\">Il Heart-Based Center<\/h2>\t\t\t\t<\/div>\n\t\t\t\t<\/div>\n\t\t\t\t<div class=\"elementor-element elementor-element-ee60727 elementor-widget elementor-widget-text-editor\" data-id=\"ee60727\" data-element_type=\"widget\" data-widget_type=\"text-editor.default\">\n\t\t\t\t<div class=\"elementor-widget-container\">\n\t\t\t\t\t\t\t\t\t<p>Il Heart-Based Center \u00e8 un centro per consulenze e supporto medico e terapeutico basato sul cuore. La medicina basata sul cuore \u00e8 una competenza che pu\u00f2 essere insegnata, acquisita e studiata come qualsiasi altra specializzazione. Il team multiprofessionale \u00e8 guidato dalla filosofia e dai risultati della Heart-Based Medicine Foundation, che ricerca scientificamente, convalida e comunica il potenziale energetico e il potere curativo dell&#8217;amore e della medicina centrata sull&#8217;essere umano. L&#8217;offerta basata sul cuore include terapie, consulenze e coaching.   <\/p>\n\t\t\t\t\t\t\t\t<\/div>\n\t\t\t\t<\/div>\n\t\t\t\t<\/div>\n\t\t\t\t\t<\/div>\n\t\t\t\t<\/div>\n\t\t\t\t<div class=\"elementor-element elementor-element-a579603 elementor-widget__width-initial elementor-widget elementor-widget-image\" data-id=\"a579603\" data-element_type=\"widget\" data-settings=\"{&quot;_animation&quot;:&quot;none&quot;}\" data-widget_type=\"image.default\">\n\t\t\t\t<div class=\"elementor-widget-container\">\n\t\t\t\t\t\t\t\t\t\t\t\t\t\t\t<img decoding=\"async\" src=\"https:\/\/backup.heartbased.center\/wp-content\/uploads\/elementor\/thumbs\/web__dsc9938-rglpuuj2kxdmd946cxwrzfur6fnqfjzmmo1ejzqgxs.jpg\" title=\"web__dsc9938.jpg\" alt=\"web dsc9938.jpg\" loading=\"lazy\" \/>\t\t\t\t\t\t\t\t\t\t\t\t\t\t\t<\/div>\n\t\t\t\t<\/div>\n\t\t\t\t\t<\/div>\n\t\t\t\t<\/div>\n\t\t<div class=\"elementor-element elementor-element-7356e40 e-flex e-con-boxed e-con e-parent\" data-id=\"7356e40\" data-element_type=\"container\" id=\"contatti\">\n\t\t\t\t\t<div class=\"e-con-inner\">\n\t\t\t\t<div class=\"elementor-element elementor-element-23f2550 elementor-widget elementor-widget-heading\" data-id=\"23f2550\" data-element_type=\"widget\" data-widget_type=\"heading.default\">\n\t\t\t\t<div class=\"elementor-widget-container\">\n\t\t\t\t\t<h2 class=\"elementor-heading-title elementor-size-default\">Non vedo l'ora di conoscerti<\/h2>\t\t\t\t<\/div>\n\t\t\t\t<\/div>\n\t\t\t\t<div class=\"elementor-element elementor-element-597d181 elementor-widget__width-initial elementor-widget elementor-widget-text-editor\" data-id=\"597d181\" data-element_type=\"widget\" data-widget_type=\"text-editor.default\">\n\t\t\t\t<div class=\"elementor-widget-container\">\n\t\t\t\t\t\t\t\t\t<p>Fare il primo passo per iniziare una consulenza psicologica pu\u00f2 essere una mossa potente verso una maggiore comprensione di te stesso, il superamento delle difficolt\u00e0 e la crescita personale. Ricorda, non devi affrontare questo percorso da solo!<\/p>\n\t\t\t\t\t\t\t\t<\/div>\n\t\t\t\t<\/div>\n\t\t\t\t<div class=\"elementor-element elementor-element-e21a98c elementor-widget__width-initial elementor-widget elementor-widget-text-editor\" data-id=\"e21a98c\" data-element_type=\"widget\" data-widget_type=\"text-editor.default\">\n\t\t\t\t<div class=\"elementor-widget-container\">\n\t\t\t\t\t\t\t\t\t<p>Puoi contattarmi via e-mail in qualsiasi momento:<\/p>\n\t\t\t\t\t\t\t\t<\/div>\n\t\t\t\t<\/div>\n\t\t\t\t<div class=\"elementor-element elementor-element-ddd1ef4 elementor-align-left elementor-mobile-align-center elementor-tablet-align-center elementor-widget elementor-widget-button\" data-id=\"ddd1ef4\" data-element_type=\"widget\" data-settings=\"{&quot;_animation&quot;:&quot;none&quot;}\" data-widget_type=\"button.default\">\n\t\t\t\t<div class=\"elementor-widget-container\">\n\t\t\t\t\t\t\t\t\t<div class=\"elementor-button-wrapper\">\n\t\t\t\t\t<a class=\"elementor-button elementor-button-link elementor-size-sm elementor-animation-grow\" href=\"mailto:heartbased.center@hin.ch\">\n\t\t\t\t\t\t<span class=\"elementor-button-content-wrapper\">\n\t\t\t\t\t\t<span class=\"elementor-button-icon\">\n\t\t\t\t<i aria-hidden=\"true\" class=\"remixicon ri-mail-send-line\"><\/i>\t\t\t<\/span>\n\t\t\t\t\t\t\t\t\t<span class=\"elementor-button-text\">Invia <b>e-mail<\/b> <\/span>\n\t\t\t\t\t<\/span>\n\t\t\t\t\t<\/a>\n\t\t\t\t<\/div>\n\t\t\t\t\t\t\t\t<\/div>\n\t\t\t\t<\/div>\n\t\t\t\t<div class=\"elementor-element elementor-element-484fd99 elementor-widget__width-initial elementor-widget elementor-widget-text-editor\" data-id=\"484fd99\" data-element_type=\"widget\" data-widget_type=\"text-editor.default\">\n\t\t\t\t<div class=\"elementor-widget-container\">\n\t\t\t\t\t\t\t\t\t<p>Per chiamate telefoniche:<\/p>\n\t\t\t\t\t\t\t\t<\/div>\n\t\t\t\t<\/div>\n\t\t\t\t<div class=\"elementor-element elementor-element-9111b60 elementor-align-left elementor-mobile-align-center elementor-tablet-align-center elementor-widget elementor-widget-button\" data-id=\"9111b60\" data-element_type=\"widget\" data-settings=\"{&quot;_animation&quot;:&quot;none&quot;}\" data-widget_type=\"button.default\">\n\t\t\t\t<div class=\"elementor-widget-container\">\n\t\t\t\t\t\t\t\t\t<div class=\"elementor-button-wrapper\">\n\t\t\t\t\t<a class=\"elementor-button elementor-button-link elementor-size-sm elementor-animation-grow\" href=\"tel:0041615551111\">\n\t\t\t\t\t\t<span class=\"elementor-button-content-wrapper\">\n\t\t\t\t\t\t<span class=\"elementor-button-icon\">\n\t\t\t\t<i aria-hidden=\"true\" class=\"feather icon-phone\"><\/i>\t\t\t<\/span>\n\t\t\t\t\t\t\t\t\t<span class=\"elementor-button-text\">Chiama <b>061 555 11 11<\/b><\/span>\n\t\t\t\t\t<\/span>\n\t\t\t\t\t<\/a>\n\t\t\t\t<\/div>\n\t\t\t\t\t\t\t\t<\/div>\n\t\t\t\t<\/div>\n\t\t\t\t<div class=\"elementor-element elementor-element-41bac9d elementor-widget elementor-widget-shortcode\" data-id=\"41bac9d\" data-element_type=\"widget\" data-widget_type=\"shortcode.default\">\n\t\t\t\t<div class=\"elementor-widget-container\">\n\t\t\t\t\t\t\t<div class=\"elementor-shortcode\">\n\n\n\t<div class=\"dkpdf-button-container\" style=\"            text-align:center \">\n\n\t\t<a class=\"dkpdf-button\" href=\"\/it\/wp-json\/wp\/v2\/pages\/15858?pdf=15858\" target=\"_blank\"><span class=\"dkpdf-button-icon\"><i class=\"fa fa-file-pdf-o\"><\/i><\/span> PDF Download<\/a>\n\n\t<\/div>\n\n\n\n\n\n<\/div>\n\t\t\t\t\t\t<\/div>\n\t\t\t\t<\/div>\n\t\t\t\t\t<\/div>\n\t\t\t\t<\/div>\n\t\t<div class=\"elementor-element elementor-element-1ac64f9 e-flex e-con-boxed e-con e-parent\" data-id=\"1ac64f9\" data-element_type=\"container\" data-settings=\"{&quot;background_background&quot;:&quot;classic&quot;}\">\n\t\t\t\t\t<div class=\"e-con-inner\">\n\t\t\t\t<div class=\"elementor-element elementor-element-0f371aa elementor-widget__width-initial elementor-widget elementor-widget-text-editor\" data-id=\"0f371aa\" data-element_type=\"widget\" data-widget_type=\"text-editor.default\">\n\t\t\t\t<div class=\"elementor-widget-container\">\n\t\t\t\t\t\t\t\t\t<p><strong>Heart-Based Center Basel<br \/><\/strong><\/p>\n<p>Consulenza Psicologica <br \/>G\u00fcterstrasse 86<br \/>4053 Basilea<br \/>Svizzera<\/p>\n\t\t\t\t\t\t\t\t<\/div>\n\t\t\t\t<\/div>\n\t\t\t\t\t<\/div>\n\t\t\t\t<\/div>\n\t\t\t\t<\/div>\n\t\t","protected":false},"excerpt":{"rendered":"<p>Cercare supporto pu\u00f2 essere un potente passo verso la propria crescita personale. La Consulenza Psicologica all\u2019Heart-Based con Ilaria Il Tuo Psicologo Heart-Based Center Contatti Consulenza Psicologica (English) Durante la consulenza psicologica, lavoreremo insieme per valutare il tuo benessere, le tue emozioni e le sfide che stai affrontando. Lavoro con adulti, famiglie e bambini, creando un [&hellip;]<\/p>\n","protected":false},"author":6,"featured_media":0,"parent":0,"menu_order":0,"comment_status":"closed","ping_status":"closed","template":"","meta":{"_acf_changed":false,"_seopress_robots_primary_cat":"","_seopress_titles_title":"","_seopress_titles_desc":"","_seopress_robots_index":"","footnotes":""},"class_list":["post-15858","page","type-page","status-publish"],"blocksy_meta":[],"acf":[],"_links":{"self":[{"href":"https:\/\/backup.heartbased.center\/it\/wp-json\/wp\/v2\/pages\/15858","targetHints":{"allow":["GET"]}}],"collection":[{"href":"https:\/\/backup.heartbased.center\/it\/wp-json\/wp\/v2\/pages"}],"about":[{"href":"https:\/\/backup.heartbased.center\/it\/wp-json\/wp\/v2\/types\/page"}],"author":[{"embeddable":true,"href":"https:\/\/backup.heartbased.center\/it\/wp-json\/wp\/v2\/users\/6"}],"replies":[{"embeddable":true,"href":"https:\/\/backup.heartbased.center\/it\/wp-json\/wp\/v2\/comments?post=15858"}],"version-history":[{"count":22,"href":"https:\/\/backup.heartbased.center\/it\/wp-json\/wp\/v2\/pages\/15858\/revisions"}],"predecessor-version":[{"id":19515,"href":"https:\/\/backup.heartbased.center\/it\/wp-json\/wp\/v2\/pages\/15858\/revisions\/19515"}],"wp:attachment":[{"href":"https:\/\/backup.heartbased.center\/it\/wp-json\/wp\/v2\/media?parent=15858"}],"curies":[{"name":"wp","href":"https:\/\/api.w.org\/{rel}","templated":true}]}}