{"id":17436,"date":"2025-03-11T08:42:09","date_gmt":"2025-03-11T07:42:09","guid":{"rendered":"https:\/\/backup.heartbased.center\/?post_type=product&#038;p=17436"},"modified":"2025-03-14T11:36:36","modified_gmt":"2025-03-14T10:36:36","slug":"ist-combo-ist-level-1-2","status":"publish","type":"product","link":"https:\/\/backup.heartbased.center\/en\/produkt\/ist-combo-ist-level-1-2\/","title":{"rendered":"IST Combo+ (IST Level 1 &#038; 2+)"},"content":{"rendered":"<p style=\"font-weight: 400;\">Mit dem IST Combo+ k\u00f6nnen wir objektiv erfassen, warum es Dir so geht, wie es Dir geht, warum Du so f\u00fchlst, wie Du f\u00fchlst, warum Du so denkst, wie Du denkst und warum Du so handelst, wie Du handelst.<\/p>\n<p style=\"font-weight: 400;\">Der Test umfasst einen Online Fragebogen, Labormessungen von Cortisol im Speichel und Neurotransmitter im Urin, eine mehrt\u00e4gige Herzraten Variabilit\u00e4tsmessung mit Firstbeat Life\u2122 und einem anschliessenden Health Coaching (60 Minuten) mit einem zertifizierten Heart-Based Center Coach.<\/p>\n<h3 style=\"font-weight: 400;\">Leistungen des IST Combo+<\/h3>\n<p style=\"font-weight: 400;\"><strong>Online Fragebogen (IST Level 1)<\/strong><\/p>\n<p style=\"font-weight: 400;\">In dem IST Online Fragebogen kannst Du wissenschaftlich gesichert Deine individuelle Belastungsgrenze identifizieren und erh\u00e4ltst sofort eine ganzheitliche personalisierte Empfehlung entsprechend Deinem Profil. Wenn Du als \u00abhigh risk\u00bb eingestuft wirst ist das Wichtigste: sehe es nicht als Makel oder Schw\u00e4che. Du bist einzigartig so wie Du bist! Dennoch haben Deine Lebensumst\u00e4nde, chronischen Belastung und\/oder Deine Pers\u00f6nlichkeit dazu gef\u00fchrt, dass bei Dir Vulnerabilit\u00e4tsfaktoren f\u00fcr die Entwicklung psychischer und\/oder physischer Erkrankungen ausgepr\u00e4gt sind. Es ist ein Einblick in Pers\u00f6nlichkeitsmerkmale, die dazu gef\u00fchrt haben, warum es Dir so geht wie es Dir geht.<\/p>\n<p style=\"font-weight: 400;\"><strong>Labor (IST Level 2)<\/strong><\/p>\n<p style=\"font-weight: 400;\">Der IST erfasst Deine neurobiologischen Anpassungsreaktionen durch die Labortests Cortisol Tagesprofil, Serotonin, Adrenalin, Noradrenalin, Dopamin und kann damit Ver\u00e4nderungen im F\u00fchlen, im Denken und im Verhalten objektivieren und erkl\u00e4ren. Die Balance Deiner Neurobiologie entscheidet dar\u00fcber, ob sich Symptome lindern und ob Du in Ver\u00e4nderungsbereitschaft kommst, oder nicht. H\u00e4ufig zeigen sich deutliche Ver\u00e4nderungen in dem neurobiologischen Gleichgewicht in den Markern Cortisol, Noradrenalin, Dopamin und Serotonin. Alle bioidentischen Pr\u00e4kursoren sind unter kontrollierter Einnahme und vorausgehenden Tests ohne Nebenwirkungen, ohne Risiko. Diese neurobiologischen Stress-Anpassungsreaktionen kann man non-pharmakologisch mit sogenannten biologischen Vorstufen aus pflanzlichen Produkten ausgleichen. Du erh\u00e4ltst einen ausf\u00fchrlichen Befund mit sehr pr\u00e4zisen Normwerten und einer pers\u00f6nlichen Beurteilung durch einen erfahrenen Heart-Based Center Coach\/Arzt.<\/p>\n<ul>\n<li style=\"font-weight: 400;\">Neurobiologische Labormarker im Detail<\/li>\n<li style=\"font-weight: 400;\">Cortisol\u00a0Tagesprofil\u00a0im Speichel\u00a0(8, 14 und 20 Uhr)<\/li>\n<li style=\"font-weight: 400;\">Serotonin (im 2. Morgenurin)<\/li>\n<li style=\"font-weight: 400;\">Adrenalin (im 2. Morgenurin)<\/li>\n<li style=\"font-weight: 400;\">Noradrenalin (im 2. Morgenurin)<\/li>\n<li style=\"font-weight: 400;\">Dopamin (im 2. Morgenurin)<\/li>\n<li style=\"font-weight: 400;\">Herzraten Variabilit\u00e4t mit Firstbeat Life\u2122<\/li>\n<\/ul>\n<p style=\"font-weight: 400;\">Die HRV ist ein wissenschaftlich validiertes Instrument um Stress Belastung und Qualit\u00e4t und Quantit\u00e4t von Regeneration im Alltag messbar zu machen. Die Messung erfolgt dabei \u00fcber mindestens 3 Tage und N\u00e4chte, in denen Du den kleinen Rekorder mit 2 Klebeelektroden tr\u00e4gst. Der Fokus liegt auf dem Schlaf und den Stress-Belastung im Alltag. Man kann sogar den Verlust der Regenerationsf\u00e4higkeit vor allem im Schlaf genau messen. Dazu muss man nicht zwingend Schlafprobleme haben.<\/p>\n<p style=\"font-weight: 400;\"><strong>Online Health Coaching (60 Minuten)<\/strong><\/p>\n<p style=\"font-weight: 400;\">Durch die bio-psycho-sozialen Daten des IST (Labor zusammen mit Messung der mehrt\u00e4gigen Herzraten Variabilit\u00e4t und dem Fragebogen) haben wir dann ein umfassendes Bild, was Dein erster Schritt sein muss, damit es Dir wieder besser geht und damit Du neue kleine Gewohnheiten in Deinen Alltag integrieren kannst. Das Coaching ist wahlweise \u00fcber Teams.<\/p>\n<p style=\"font-weight: 400;\"><strong>Ablauf<\/strong><\/p>\n<p style=\"font-weight: 400;\">Nach Kauf des IST erh\u00e4ltst Du automatisch eine Einladung per E-Mail von Heart-Based Center via bluquist (unser exklusiver Tech-Partner). \u00dcber diesen Link kannst Du einen Account anlegen und dann sofort Deinen Fragebogen durchf\u00fchren (ca. 10-15 Minuten). Das gesamte Ergebnis des Fragebogens ist sofort nach Abschluss des Fragebogens on Screen verf\u00fcgbar. Du erh\u00e4ltst auch personalisierte Empfehlungen entsprechend Deiner Ergebnisse.<\/p>\n<p style=\"font-weight: 400;\">Die IST Box mit den Laborproben und dem HRV Rekorder versenden wir umgehend (in der Regel sp\u00e4testens 2 Werktage nach Eingang der Bestellung) an die angegebene Adresse. Eine ausf\u00fchrliche Anleitung erm\u00f6glicht eine einfache, schnelle Durchf\u00fchrung im Alltag. Du wirst von uns \u00fcber den Fortschritt informiert und kannst rechtzeitig \u00fcber einen Link Dein Health Coaching Termin vereinbaren.<\/p>\n<p style=\"font-weight: 400;\">Alle Datenerhebungen sind wissenschaftlich gesichert, DSGVO konform und Du bist als User immer der Daten-Owner. Das heisst, dass zu keinem Zeitpunkt andere Personen Zugriff zu Deinen Ergebnissen haben.<\/p>\n<p style=\"font-weight: 400;\">Du kannst Deine Ergebnisse aber jederzeit \u00fcber einen shared Link mit Deinem Coach oder Arzt teilen, wenn Du das m\u00f6chtest.<\/p>\n<p style=\"font-weight: 400;\">Wir unterst\u00fctzen Dich, Deine n\u00e4chsten konkreten Schritte in die Wege zu leiten! Und denk daran: Alle Ergebnisse sind gut, denn sie erm\u00f6glichen Dir Klarheit \u00fcber Dich und Dein<\/p>\n<p style=\"font-weight: 400;\">weiteres Vorgehen.<\/p>\n<p style=\"font-weight: 400;\">Wir sind an Deiner Seite!<\/p>\n","protected":false},"excerpt":{"rendered":"<p>Mit dem IST Combo+ k\u00f6nnen wir objektiv erfassen, warum es Dir so geht, wie es Dir geht, warum Du so f\u00fchlst, wie Du f\u00fchlst, warum Du so denkst, wie Du denkst und warum Du so handelst, wie Du handelst. Der Test umfasst einen Online Fragebogen, Labormessungen von Cortisol im Speichel und Neurotransmitter im Urin, eine [&hellip;]<\/p>\n","protected":false},"featured_media":17008,"template":"","meta":{"_acf_changed":false,"_seopress_robots_primary_cat":"none","_seopress_titles_title":"","_seopress_titles_desc":"","_seopress_robots_index":""},"product_brand":[],"product_cat":[74],"product_tag":[],"class_list":{"0":"post-17436","1":"product","2":"type-product","3":"status-publish","4":"has-post-thumbnail","6":"product_cat-ist","8":"first","9":"instock","10":"downloadable","11":"virtual","12":"taxable","13":"purchasable","14":"product-type-simple"},"acf":[],"_links":{"self":[{"href":"https:\/\/backup.heartbased.center\/en\/wp-json\/wp\/v2\/product\/17436","targetHints":{"allow":["GET"]}}],"collection":[{"href":"https:\/\/backup.heartbased.center\/en\/wp-json\/wp\/v2\/product"}],"about":[{"href":"https:\/\/backup.heartbased.center\/en\/wp-json\/wp\/v2\/types\/product"}],"wp:featuredmedia":[{"embeddable":true,"href":"https:\/\/backup.heartbased.center\/en\/wp-json\/wp\/v2\/media\/17008"}],"wp:attachment":[{"href":"https:\/\/backup.heartbased.center\/en\/wp-json\/wp\/v2\/media?parent=17436"}],"wp:term":[{"taxonomy":"product_brand","embeddable":true,"href":"https:\/\/backup.heartbased.center\/en\/wp-json\/wp\/v2\/product_brand?post=17436"},{"taxonomy":"product_cat","embeddable":true,"href":"https:\/\/backup.heartbased.center\/en\/wp-json\/wp\/v2\/product_cat?post=17436"},{"taxonomy":"product_tag","embeddable":true,"href":"https:\/\/backup.heartbased.center\/en\/wp-json\/wp\/v2\/product_tag?post=17436"}],"curies":[{"name":"wp","href":"https:\/\/api.w.org\/{rel}","templated":true}]}}