{"id":17433,"date":"2025-03-11T08:39:29","date_gmt":"2025-03-11T07:39:29","guid":{"rendered":"https:\/\/backup.heartbased.center\/?post_type=product&#038;p=17433"},"modified":"2025-03-13T16:57:31","modified_gmt":"2025-03-13T15:57:31","slug":"ist-level-2-stresshormone-neurotransmitter-hrv-60-min-health-coaching","status":"publish","type":"product","link":"https:\/\/backup.heartbased.center\/en\/produkt\/ist-level-2-stresshormone-neurotransmitter-hrv-60-min-health-coaching\/","title":{"rendered":"IST Level 2+ (Stresshormone, Neurotransmitter, HRV &#038; 60 min Health Coaching)"},"content":{"rendered":"<p style=\"font-weight: 400;\">Mit dem IST Level 2+ k\u00f6nnen wir objektiv erfassen, warum es Dir so geht, wie es Dir geht, warum Du so f\u00fchlst, wie Du f\u00fchlst, warum Du so denkst, wie Du denkst und warum Du so handelst, wie Du handelst.<\/p>\n<p style=\"font-weight: 400;\">Der IST erfasst Deine neurobiologischen Anpassungsreaktionen durch die Labortests Cortisol Tagesprofil, Serotonin, Adrenalin, Noradrenalin, Dopamin und kann damit Ver\u00e4nderungen im F\u00fchlen, im Denken und im Verhalten objektivieren und erkl\u00e4ren. Die Balance Deiner Neurobiologie entscheidet dar\u00fcber, ob sich Symptome lindern und ob Du in Ver\u00e4nderungsbereitschaft kommst, oder nicht. H\u00e4ufig zeigen sich deutliche Ver\u00e4nderungen in dem neurobiologischen Gleichgewicht in den Markern Cortisol, Noradrenalin, Dopamin und Serotonin. Alle bioidentischen Pr\u00e4kursoren sind unter kontrollierter Einnahme und vorausgehenden Tests ohne Nebenwirkungen, ohne Risiko. Diese neurobiologischen Stress-Anpassungsreaktionen kann man non-pharmakologisch mit sogenannten biologischen Vorstufen aus pflanzlichen Produkten ausgleichen. Ohne Risiko und ohne Nebenwirkungen.<\/p>\n<p style=\"font-weight: 400;\">Zudem findet man h\u00e4ufig eine hohe Stress-Belastung im Alltag und \/ oder einen Verlust der Regenerationsf\u00e4higkeit vor allem im Schlaf. Dazu muss man eben nicht zwingend Schlafprobleme haben. Zusammen mit Messung der mehrt\u00e4gigen Herzraten Variabilit\u00e4t und dem Fragebogen haben wir dann ein umfassendes Bild, was Dein erster Schritt sein muss, damit es Dir wieder besser geht und damit Du neue kleine Gewohnheiten in Deinen Alltag integrieren kannst.<\/p>\n<p style=\"font-weight: 400;\"><strong>Leistungen des IST Level 2+<\/strong><\/p>\n<ul>\n<li style=\"font-weight: 400;\">Herzraten Variabilit\u00e4tsmessung mit Firstbeat Life\u2122 (mind. 3 Tage)<\/li>\n<li style=\"font-weight: 400;\">Neurobiologische Labormarker<\/li>\n<li style=\"font-weight: 400;\">Cortisol\u00a0Tagesprofil\u00a0im Speichel\u00a0(8, 14 und 20 Uhr)<\/li>\n<li style=\"font-weight: 400;\">Serotonin (im 2. Morgenurin)<\/li>\n<li style=\"font-weight: 400;\">Adrenalin (im 2. Morgenurin)<\/li>\n<li style=\"font-weight: 400;\">Noradrenalin (im 2. Morgenurin)<\/li>\n<li style=\"font-weight: 400;\">Dopamin (im 2. Morgenurin)<\/li>\n<li style=\"font-weight: 400;\">60 Minuten\u00a0Online Health Coaching mit einem Heart-Based Center Coach<\/li>\n<\/ul>\n<p style=\"font-weight: 400;\">Der IST Level 2+ ist nur\u00a0verf\u00fcgbar nach Durchf\u00fchrung\u00a0des IST Online Fragebogen (IST Level 1).<\/p>\n<p style=\"font-weight: 400;\">Wir unterst\u00fctzen Dich, Deine n\u00e4chsten konkreten Schritte in die Wege zu leiten! Und denk daran: Alle Ergebnisse sind gut, denn sie erm\u00f6glichen Dir Klarheit \u00fcber Dich und Dein weiteres Vorgehen.<\/p>\n<p style=\"font-weight: 400;\">Wir sind an Deiner Seite!<\/p>\n<p style=\"font-weight: 400;\">Have fun &amp; enjoy<\/p>\n","protected":false},"excerpt":{"rendered":"<p>Mit dem IST Level 2+ k\u00f6nnen wir objektiv erfassen, warum es Dir so geht, wie es Dir geht, warum Du so f\u00fchlst, wie Du f\u00fchlst, warum Du so denkst, wie Du denkst und warum Du so handelst, wie Du handelst. Der IST erfasst Deine neurobiologischen Anpassungsreaktionen durch die Labortests Cortisol Tagesprofil, Serotonin, Adrenalin, Noradrenalin, Dopamin [&hellip;]<\/p>\n","protected":false},"featured_media":17008,"template":"","meta":{"_acf_changed":false,"_seopress_robots_primary_cat":"none","_seopress_titles_title":"","_seopress_titles_desc":"","_seopress_robots_index":""},"product_brand":[],"product_cat":[74],"product_tag":[],"class_list":{"0":"post-17433","1":"product","2":"type-product","3":"status-publish","4":"has-post-thumbnail","6":"product_cat-ist","8":"first","9":"instock","10":"downloadable","11":"virtual","12":"taxable","13":"purchasable","14":"product-type-simple"},"acf":[],"_links":{"self":[{"href":"https:\/\/backup.heartbased.center\/en\/wp-json\/wp\/v2\/product\/17433","targetHints":{"allow":["GET"]}}],"collection":[{"href":"https:\/\/backup.heartbased.center\/en\/wp-json\/wp\/v2\/product"}],"about":[{"href":"https:\/\/backup.heartbased.center\/en\/wp-json\/wp\/v2\/types\/product"}],"wp:featuredmedia":[{"embeddable":true,"href":"https:\/\/backup.heartbased.center\/en\/wp-json\/wp\/v2\/media\/17008"}],"wp:attachment":[{"href":"https:\/\/backup.heartbased.center\/en\/wp-json\/wp\/v2\/media?parent=17433"}],"wp:term":[{"taxonomy":"product_brand","embeddable":true,"href":"https:\/\/backup.heartbased.center\/en\/wp-json\/wp\/v2\/product_brand?post=17433"},{"taxonomy":"product_cat","embeddable":true,"href":"https:\/\/backup.heartbased.center\/en\/wp-json\/wp\/v2\/product_cat?post=17433"},{"taxonomy":"product_tag","embeddable":true,"href":"https:\/\/backup.heartbased.center\/en\/wp-json\/wp\/v2\/product_tag?post=17433"}],"curies":[{"name":"wp","href":"https:\/\/api.w.org\/{rel}","templated":true}]}}