{"id":17426,"date":"2025-03-11T08:32:57","date_gmt":"2025-03-11T07:32:57","guid":{"rendered":"https:\/\/backup.heartbased.center\/?post_type=product&#038;p=17426"},"modified":"2025-03-13T16:58:09","modified_gmt":"2025-03-13T15:58:09","slug":"ist-level-1-online-fragebogen-30-min-health-coaching","status":"publish","type":"product","link":"https:\/\/backup.heartbased.center\/en\/produkt\/ist-level-1-online-fragebogen-30-min-health-coaching\/","title":{"rendered":"IST Level 1+ ( Online Fragebogen &#038; 30 min Health Coaching)"},"content":{"rendered":"<p><strong>Leistungen des IST\u2122 (Level 1)<\/strong><\/p>\n<ul>\n<li>Integrale Stress Test Online Fragebogen<\/li>\n<li>30 Minuten Health Coaching Session auf Grundlage des IST\u2122 Online Fragebogen<\/li>\n<\/ul>\n<p>In dem IST\u2122 Online Fragebogen kannst Du wissenschaftlich gesichert Deine individuelle Belastungsgrenze identifizieren und erh\u00e4ltst sofort eine ganzheitliche personalisierte Empfehlung entsprechend Deinem Profil. Wir freuen uns, Dich dabei zu unterst\u00fctzen, Deinen n\u00e4chsten Schritt zu mehr innerer St\u00e4rke zu gehen.<\/p>\n<p>Wenn Du als \u00abhigh risk\u00bb eingestuft wirst, ist das Wichtigste: sehe es nicht als Makel oder Schw\u00e4che. Du bist einzigartig so wie Du bist! Dennoch haben Deine Lebensumst\u00e4nde, chronischen Belastung und\/oder Deine Pers\u00f6nlichkeit dazu gef\u00fchrt, dass bei Dir Vulnerabilit\u00e4tsfaktoren f\u00fcr die Entwicklung psychischer Erkrankungen ausgepr\u00e4gt sind.<\/p>\n<p>Dann kannst Du direkt mit einem erfahrenen Heart-Based Center Coach einen Termin vereinbaren und Deine konkreten n\u00e4chsten Schritte in die Wege leiten. Vulnerabilit\u00e4t beschreibt Dein individuelles Risiko, durch die Folgen chronischer und hoher Stress Belastung psychische oder physische Symptome zu entwickeln und krank zu werden. Je mehr von diesen Faktoren stark ausgepr\u00e4gt sind, desto eher und schwerer kann eine solche Ver\u00e4nderung von Befindlichkeit eintreten.<\/p>\n<p>Und denk daran: Alle Ergebnisse sind gut, denn sie erm\u00f6glichen Dir Klarheit \u00fcber Dich und Dein weiteres Vorgehen.<\/p>\n<p>Wir sind an Deiner Seite!<\/p>\n<p>Have fun &amp; enjoy<\/p>\n<p><b>Ablauf<\/b><\/p>\n<p>Nach Kauf erh\u00e4ltst Du automatisch eine Einladung per E-Mail von Heart-Based Center via bluquist (unser exklusiver Tech-Partner). \u00dcber diesen Link kannst Du einen Account anlegen und dann sofort Deinen Fragebogen durchf\u00fchren (ca. 10 Minuten). Das gesamte Ergebnis ist sofort nach Abschluss des Fragebogens on Screen verf\u00fcgbar. Du erh\u00e4ltst auch personalisierte Empfehlungen entsprechend Deiner Ergebnisse. Alle Datenerhebungen sind wissenschaftlich gesichert, DSGVO konform und Du bist als User immer der Daten-Owner. Das heisst, dass zu keinem Zeitpunkt andere Personen Zugriff zu Deinen Ergebnissen haben. Du kannst Deine Ergebnisse aber jederzeit \u00fcber einen shared Link mit Deinem Coach oder Arzt teilen, wenn Du das m\u00f6chtest.<\/p>\n","protected":false},"excerpt":{"rendered":"<p>Leistungen des IST\u2122 (Level 1) Integrale Stress Test Online Fragebogen 30 Minuten Health Coaching Session auf Grundlage des IST\u2122 Online Fragebogen In dem IST\u2122 Online Fragebogen kannst Du wissenschaftlich gesichert Deine individuelle Belastungsgrenze identifizieren und erh\u00e4ltst sofort eine ganzheitliche personalisierte Empfehlung entsprechend Deinem Profil. Wir freuen uns, Dich dabei zu unterst\u00fctzen, Deinen n\u00e4chsten Schritt zu [&hellip;]<\/p>\n","protected":false},"featured_media":17429,"template":"","meta":{"_acf_changed":false,"_seopress_robots_primary_cat":"none","_seopress_titles_title":"","_seopress_titles_desc":"","_seopress_robots_index":""},"product_brand":[],"product_cat":[74],"product_tag":[],"class_list":{"0":"post-17426","1":"product","2":"type-product","3":"status-publish","4":"has-post-thumbnail","6":"product_cat-ist","8":"first","9":"instock","10":"downloadable","11":"virtual","12":"taxable","13":"purchasable","14":"product-type-simple"},"acf":[],"_links":{"self":[{"href":"https:\/\/backup.heartbased.center\/en\/wp-json\/wp\/v2\/product\/17426","targetHints":{"allow":["GET"]}}],"collection":[{"href":"https:\/\/backup.heartbased.center\/en\/wp-json\/wp\/v2\/product"}],"about":[{"href":"https:\/\/backup.heartbased.center\/en\/wp-json\/wp\/v2\/types\/product"}],"wp:featuredmedia":[{"embeddable":true,"href":"https:\/\/backup.heartbased.center\/en\/wp-json\/wp\/v2\/media\/17429"}],"wp:attachment":[{"href":"https:\/\/backup.heartbased.center\/en\/wp-json\/wp\/v2\/media?parent=17426"}],"wp:term":[{"taxonomy":"product_brand","embeddable":true,"href":"https:\/\/backup.heartbased.center\/en\/wp-json\/wp\/v2\/product_brand?post=17426"},{"taxonomy":"product_cat","embeddable":true,"href":"https:\/\/backup.heartbased.center\/en\/wp-json\/wp\/v2\/product_cat?post=17426"},{"taxonomy":"product_tag","embeddable":true,"href":"https:\/\/backup.heartbased.center\/en\/wp-json\/wp\/v2\/product_tag?post=17426"}],"curies":[{"name":"wp","href":"https:\/\/api.w.org\/{rel}","templated":true}]}}